{"id":30,"date":"2023-01-20T15:40:09","date_gmt":"2023-01-20T15:40:09","guid":{"rendered":"http:\/\/www.meslekiveteknikegitim.com\/?page_id=30"},"modified":"2023-01-20T15:42:48","modified_gmt":"2023-01-20T15:42:48","slug":"isletmelerde-beceri-egitimi-sozlesme-ornegi","status":"publish","type":"page","link":"https:\/\/www.meslekiveteknikegitim.com\/index.php\/isletmelerde-beceri-egitimi-sozlesme-ornegi\/","title":{"rendered":"\u0130\u015fletmelerde Beceri E\u011fitimi S\u00f6zle\u015fme \u00d6rne\u011fi"},"content":{"rendered":"\n<p><\/p>\n\n\n\n<p><\/p>\n\n\n\n<div data-wp-interactive=\"core\/file\" class=\"wp-block-file\"><object data-wp-bind--hidden=\"!state.hasPdfPreview\" hidden class=\"wp-block-file__embed\" data=\"https:\/\/www.meslekiveteknikegitim.com\/wp-content\/uploads\/2023\/01\/sozlesme-yeni.pdf\" type=\"application\/pdf\" style=\"width:100%;height:600px\" aria-label=\"Sozlesme \u00d6rne\u011fi pdf indir g\u00f6m\u00fcs\u00fc.\"><\/object><a id=\"wp-block-file--media-80b89873-7a96-4f75-9b51-8f6e3a7e357e\" href=\"https:\/\/www.meslekiveteknikegitim.com\/wp-content\/uploads\/2023\/01\/sozlesme-yeni.pdf\">Sozlesme \u00d6rne\u011fi pdf indir<\/a><a href=\"https:\/\/www.meslekiveteknikegitim.com\/wp-content\/uploads\/2023\/01\/sozlesme-yeni.pdf\" class=\"wp-block-file__button wp-element-button\" download aria-describedby=\"wp-block-file--media-80b89873-7a96-4f75-9b51-8f6e3a7e357e\"><\/a><\/div>\n\n\n\n<figure class=\"wp-block-image size-large\"><img loading=\"lazy\" decoding=\"async\" width=\"1024\" height=\"831\" src=\"https:\/\/www.meslekiveteknikegitim.com\/wp-content\/uploads\/2023\/01\/isbsz-1024x831.jpg\" alt=\"\" class=\"wp-image-32\" srcset=\"https:\/\/www.meslekiveteknikegitim.com\/wp-content\/uploads\/2023\/01\/isbsz-1024x831.jpg 1024w, https:\/\/www.meslekiveteknikegitim.com\/wp-content\/uploads\/2023\/01\/isbsz-300x244.jpg 300w, https:\/\/www.meslekiveteknikegitim.com\/wp-content\/uploads\/2023\/01\/isbsz-768x623.jpg 768w, https:\/\/www.meslekiveteknikegitim.com\/wp-content\/uploads\/2023\/01\/isbsz.jpg 1052w\" sizes=\"auto, (max-width: 1024px) 100vw, 1024px\" \/><\/figure>\n","protected":false},"excerpt":{"rendered":"","protected":false},"author":1,"featured_media":35,"parent":0,"menu_order":0,"comment_status":"closed","ping_status":"closed","template":"","meta":{"footnotes":""},"class_list":["post-30","page","type-page","status-publish","has-post-thumbnail","hentry"],"_links":{"self":[{"href":"https:\/\/www.meslekiveteknikegitim.com\/index.php\/wp-json\/wp\/v2\/pages\/30","targetHints":{"allow":["GET"]}}],"collection":[{"href":"https:\/\/www.meslekiveteknikegitim.com\/index.php\/wp-json\/wp\/v2\/pages"}],"about":[{"href":"https:\/\/www.meslekiveteknikegitim.com\/index.php\/wp-json\/wp\/v2\/types\/page"}],"author":[{"embeddable":true,"href":"https:\/\/www.meslekiveteknikegitim.com\/index.php\/wp-json\/wp\/v2\/users\/1"}],"replies":[{"embeddable":true,"href":"https:\/\/www.meslekiveteknikegitim.com\/index.php\/wp-json\/wp\/v2\/comments?post=30"}],"version-history":[{"count":1,"href":"https:\/\/www.meslekiveteknikegitim.com\/index.php\/wp-json\/wp\/v2\/pages\/30\/revisions"}],"predecessor-version":[{"id":34,"href":"https:\/\/www.meslekiveteknikegitim.com\/index.php\/wp-json\/wp\/v2\/pages\/30\/revisions\/34"}],"wp:featuredmedia":[{"embeddable":true,"href":"https:\/\/www.meslekiveteknikegitim.com\/index.php\/wp-json\/wp\/v2\/media\/35"}],"wp:attachment":[{"href":"https:\/\/www.meslekiveteknikegitim.com\/index.php\/wp-json\/wp\/v2\/media?parent=30"}],"curies":[{"name":"wp","href":"https:\/\/api.w.org\/{rel}","templated":true}]}}